{"id":1277,"date":"2017-01-16T16:02:20","date_gmt":"2017-01-16T16:02:20","guid":{"rendered":"http:\/\/demo.milotheme.com\/eco\/?page_id=9"},"modified":"2025-07-15T09:46:51","modified_gmt":"2025-07-15T09:46:51","slug":"home-1","status":"publish","type":"page","link":"https:\/\/aeriscooperativa.it\/","title":{"rendered":"Home"},"content":{"rendered":"<div class=\"wpb-content-wrapper\"><p>[vc_row][vc_column][rev_slider_vc alias=&#8221;home-1&#8243;][\/vc_column][\/vc_row][vc_row full_width=&#8221;stretch_row_content&#8221; css=&#8221;.vc_custom_1731498721365{padding-bottom: 10% !important;background-color: #FFFFFF !important;border-color: #EEEEEE !important;}&#8221;][vc_column][vc_row_inner][vc_column_inner][vc_custom_heading text=&#8221;La nostra missione&#8221; font_container=&#8221;tag:h1|text_align:center&#8221; use_theme_fonts=&#8221;yes&#8221; css=&#8221;&#8221; heading_style=&#8221;style_1&#8243;][vc_column_text css=&#8221;.vc_custom_1731498306147{padding-right: 15% !important;padding-left: 15% !important;}&#8221;]<\/p>\n<p style=\"text-align: center;\">Scopri la nostra dedizione all&#8217;innovazione ecologica e ai valori che guidano il nostro impegno per un pianeta pi\u00f9 verde.<\/p>\n<p>[\/vc_column_text][\/vc_column_inner][\/vc_row_inner][vc_row_inner css=&#8221;.vc_custom_1731499051194{margin-top: 20px !important;padding-right: 5% !important;padding-left: 5% !important;}&#8221;][vc_column_inner width=&#8221;1\/3&#8243;]                        <div class=\"  \">\n                \n<div class=\"icon-box-shortcode-wrapper style_1\">\n    <div class=\"icon-box-content-wrapper\">\n            <a href=\"#\" title=\"\" target=\"_self\">\n            <div class=\"icon-wrap\">\n            <img decoding=\"async\" src=\"https:\/\/aeriscooperativa.it\/wp-content\/uploads\/2017\/01\/icon-cycle.png\" alt=\"Impegno Ecologico\">\n        <\/div>    \n            <\/a>\n            <div class=\"icon-content\">\n            <div class=\"icon-title\">\n                                    <a href=\"#\" title=\"\" target=\"_self\">\n                                <h5>Impegno Ecologico<\/h5>\n                                    <\/a>\n                            <\/div>\n            <p class=\"icon-description\">Ci impegniamo a sviluppare prodotti e tecnologie a basso impatto ambientale, promuovendo pratiche responsabili che proteggono le risorse naturali per le generazioni future.<\/p>\n            <div class=\"icon-readmore\">\n                <a href=\"#\" title=\"\" target=\"_self\">Read More<i class=\"fa fa-long-arrow-right\"><\/i><\/a>\n            <\/div>\n        <\/div>\n    <\/div>\n<\/div>            <\/div>\n                    [\/vc_column_inner][vc_column_inner width=&#8221;1\/3&#8243;]                        <div class=\"  \">\n                \n<div class=\"icon-box-shortcode-wrapper style_1\">\n    <div class=\"icon-box-content-wrapper\">\n            <a href=\"#\" title=\"\" target=\"_self\">\n            <div class=\"icon-wrap\">\n            <img decoding=\"async\" src=\"https:\/\/aeriscooperativa.it\/wp-content\/uploads\/2017\/01\/icon-sun.png\" alt=\"Valori Fondamentali\">\n        <\/div>    \n            <\/a>\n            <div class=\"icon-content\">\n            <div class=\"icon-title\">\n                                    <a href=\"#\" title=\"\" target=\"_self\">\n                                <h5>Valori Fondamentali<\/h5>\n                                    <\/a>\n                            <\/div>\n            <p class=\"icon-description\">I nostri valori fondamentali includono la sostenibilit\u00e0, l'innovazione, la sicurezza e l'integrit\u00e0, con l'obiettivo di creare un futuro pi\u00f9 verde e prospero per tutti.<\/p>\n            <div class=\"icon-readmore\">\n                <a href=\"#\" title=\"\" target=\"_self\">Read More<i class=\"fa fa-long-arrow-right\"><\/i><\/a>\n            <\/div>\n        <\/div>\n    <\/div>\n<\/div>            <\/div>\n                    [\/vc_column_inner][vc_column_inner width=&#8221;1\/3&#8243;]                        <div class=\"  \">\n                \n<div class=\"icon-box-shortcode-wrapper style_1\">\n    <div class=\"icon-box-content-wrapper\">\n            <a href=\"#\" title=\"\" target=\"_self\">\n            <div class=\"icon-wrap\">\n            <img decoding=\"async\" src=\"https:\/\/aeriscooperativa.it\/wp-content\/uploads\/2017\/01\/icon-leaf.png\" alt=\"Innovazione Sostenibile\">\n        <\/div>    \n            <\/a>\n            <div class=\"icon-content\">\n            <div class=\"icon-title\">\n                                    <a href=\"#\" title=\"\" target=\"_self\">\n                                <h5>Innovazione Sostenibile<\/h5>\n                                    <\/a>\n                            <\/div>\n            <p class=\"icon-description\">La nostra missione \u00e8 guidare l'innovazione sostenibile nel settore agricolo e ambientale, offrendo soluzioni ecologiche che rispettano il pianeta e migliorano la qualit\u00e0 della vita.<\/p>\n            <div class=\"icon-readmore\">\n                <a href=\"#\" title=\"\" target=\"_self\">Read More<i class=\"fa fa-long-arrow-right\"><\/i><\/a>\n            <\/div>\n        <\/div>\n    <\/div>\n<\/div>            <\/div>\n                    [\/vc_column_inner][\/vc_row_inner][\/vc_column][\/vc_row][vc_row css=&#8221;.vc_custom_1487059958036{padding-bottom: 6% !important;}&#8221;][vc_column][vc_row_inner][vc_column_inner][vc_custom_heading text=&#8221;Innovazioni Sostenibili per un Futuro Ecologico&#8221; font_container=&#8221;tag:h1|text_align:center&#8221; use_theme_fonts=&#8221;yes&#8221; css=&#8221;&#8221; heading_style=&#8221;style_1&#8243;][\/vc_column_inner][\/vc_row_inner][vc_row_inner css=&#8221;.vc_custom_1731498929082{padding-right: 5% !important;padding-left: 5% !important;}&#8221;][vc_column_inner][vc_column_text css=&#8221;&#8221;]<\/p>\n<p style=\"text-align: center;\">Il futuro dell&#8217;agricoltura e della sicurezza ambientale si intreccia con soluzioni innovative come il Biorame. Il Biorame, sviluppato in collaborazione con la Life Sciences and Biotechnology (SVeB) University of Ferrara, \u00e8 un prodotto rivoluzionario che utilizza rame colloidale per combattere patologie fungine e parassitarie in orti e giardini. Questo rimedio biologico \u00e8 sicuro per persone, animali e ambiente, promuovendo un&#8217;agricoltura sostenibile senza residui impattanti.<\/p>\n<p>[\/vc_column_text][\/vc_column_inner][\/vc_row_inner][\/vc_column][\/vc_row][vc_section][vc_row][vc_column width=&#8221;1\/2&#8243;][vc_single_image image=&#8221;1586&#8243; img_size=&#8221;full&#8221; css=&#8221;&#8221;][\/vc_column][vc_column width=&#8221;1\/2&#8243;][vc_custom_heading text=&#8221;Siamo presenti in quasi tutte le regioni, al fianco degli agricoltori pi\u00f9 attenti al futuro&#8221; font_container=&#8221;tag:h1|text_align:left&#8221; use_theme_fonts=&#8221;yes&#8221; css=&#8221;&#8221; heading_style=&#8221;style_2&#8243; el_class=&#8221;secondary-font&#8221;][vc_column_text css=&#8221;&#8221;]Aeris \u00e8 oggi una presenza concreta nelle aziende agricole italiane che scelgono innovazione, sostenibilit\u00e0 e risultati tangibili. La sua diffusione su larga scala \u00e8 la prova dell\u2019efficacia del nostro impegno: proteggere le colture in modo naturale, senza compromessi per l\u2019ambiente. Sempre pi\u00f9 agricoltori scelgono Biorame per rafforzare le difese delle piante e sanificare in modo sicuro i propri ambienti produttivi. Un passo deciso verso un\u2019agricoltura pi\u00f9 consapevole, unita da nord a sud dalla stessa visione verde.[\/vc_column_text][vc_btn title=&#8221;LEGGI DI PI\u00d9&#8221; style=&#8221;custom&#8221; custom_background=&#8221;#00a97e&#8221; custom_text=&#8221;#ffffff&#8221; shape=&#8221;round&#8221; align=&#8221;left&#8221; css=&#8221;.vc_custom_1752572753371{padding-top: 15px !important;}&#8221; link=&#8221;url:https%3A%2F%2Faeriscooperativa.it%2Findex.php%2Fchi-siamo%2F|title:Chi%20siamo&#8221; el_class=&#8221;eco-button&#8221;][\/vc_column][\/vc_row][\/vc_section][vc_row full_width=&#8221;stretch_row&#8221; css=&#8221;.vc_custom_1484627060156{background-color: #f5f5f5 !important;}&#8221;][vc_column][vc_row_inner equal_height=&#8221;yes&#8221;][vc_column_inner width=&#8221;1\/2&#8243;][vc_custom_heading text=&#8221;Soluzioni Avanzate per un&#8217;Agricoltura Sostenibile&#8221; font_container=&#8221;tag:h1|text_align:left&#8221; use_theme_fonts=&#8221;yes&#8221; css=&#8221;&#8221; heading_style=&#8221;style_2&#8243; el_class=&#8221;secondary-font&#8221;][vc_column_text css=&#8221;&#8221;]Scopri come il nostro impegno per l&#8217;innovazione biologica sta trasformando l&#8217;agricoltura. Con il Biorame, un prodotto rivoluzionario sviluppato in collaborazione con l&#8217;Universit\u00e0 di Ferrara, offriamo una soluzione efficace contro patologie fungine e parassitarie. Questo rimedio biologico protegge le piante in modo sicuro e sostenibile, senza lasciare residui dannosi.[\/vc_column_text][vc_btn title=&#8221;LEGGI DI PI\u00d9&#8221; style=&#8221;custom&#8221; custom_background=&#8221;#00a97e&#8221; custom_text=&#8221;#ffffff&#8221; shape=&#8221;round&#8221; align=&#8221;left&#8221; css=&#8221;.vc_custom_1733492008680{padding-top: 15px !important;}&#8221; link=&#8221;url:https%3A%2F%2Faeriscooperativa.it%2Findex.php%2Fimpianto%2F&#8221; el_class=&#8221;eco-button&#8221;][\/vc_column_inner][vc_column_inner width=&#8221;1\/2&#8243; css=&#8221;.vc_custom_1488082747061{padding-top: 0px !important;background-position: center !important;background-repeat: no-repeat !important;background-size: cover !important;}&#8221;][vc_single_image image=&#8221;1298&#8243; img_size=&#8221;full&#8221; css=&#8221;.vc_custom_1730395584267{margin-bottom: 0px !important;}&#8221;][\/vc_column_inner][\/vc_row_inner][\/vc_column][\/vc_row][vc_row full_width=&#8221;stretch_row&#8221; css=&#8221;.vc_custom_1487058570922{padding-bottom: 30px !important;background-color: #ebebeb !important;}&#8221;][vc_column][vc_row_inner][vc_column_inner width=&#8221;2\/3&#8243;][vc_custom_heading text=&#8221;Vuoi ricevere il protocollo per l&#8217;uso del Biorame?&#8221; font_container=&#8221;tag:p|font_size:36|text_align:left&#8221; use_theme_fonts=&#8221;yes&#8221; css=&#8221;&#8221; el_class=&#8221;secondary-font&#8221;][\/vc_column_inner][vc_column_inner width=&#8221;1\/3&#8243;][vc_btn title=&#8221;SCARICA IL PROTOCOLLO&#8221; style=&#8221;custom&#8221; custom_background=&#8221;#00a97e&#8221; custom_text=&#8221;#ffffff&#8221; shape=&#8221;round&#8221; align=&#8221;right&#8221; css=&#8221;.vc_custom_1733483148785{padding-top: 15px !important;}&#8221; link=&#8221;url:https%3A%2F%2Faeriscooperativa.it%2Findex.php%2Fil-protocollo%2F|target:_blank&#8221; el_class=&#8221;eco-button&#8221;][\/vc_column_inner][\/vc_row_inner][\/vc_column][\/vc_row]<\/p>\n<\/div>","protected":false},"excerpt":{"rendered":"<p>[vc_row][vc_column][rev_slider_vc alias=&#8221;home-1&#8243;][\/vc_column][\/vc_row][vc_row full_width=&#8221;stretch_row_content&#8221; css=&#8221;.vc_custom_1731498721365{padding-bottom: 10% !important;background-color: #FFFFFF !important;border-color: #EEEEEE !important;}&#8221;][vc_column][vc_row_inner][vc_column_inner][vc_custom_heading text=&#8221;La nostra missione&#8221; font_container=&#8221;tag:h1|text_align:center&#8221; use_theme_fonts=&#8221;yes&#8221; css=&#8221;&#8221; heading_style=&#8221;style_1&#8243;][vc_column_text css=&#8221;.vc_custom_1731498306147{padding-right: 15% !important;padding-left: 15% !important;}&#8221;] Scopri la nostra dedizione all&#8217;innovazione ecologica e ai valori che guidano il nostro impegno per un pianeta pi\u00f9 verde. [\/vc_column_text][\/vc_column_inner][\/vc_row_inner][vc_row_inner css=&#8221;.vc_custom_1731499051194{margin-top: 20px !important;padding-right: 5% !important;padding-left: 5% !important;}&#8221;][vc_column_inner width=&#8221;1\/3&#8243;][\/vc_column_inner][vc_column_inner width=&#8221;1\/3&#8243;][\/vc_column_inner][vc_column_inner width=&#8221;1\/3&#8243;][\/vc_column_inner][\/vc_row_inner][\/vc_column][\/vc_row][vc_row css=&#8221;.vc_custom_1487059958036{padding-bottom: 6% !important;}&#8221;][vc_column][vc_row_inner][vc_column_inner][vc_custom_heading [&hellip;]<\/p>\n","protected":false},"author":1,"featured_media":0,"parent":0,"menu_order":0,"comment_status":"closed","ping_status":"closed","template":"","meta":{"footnotes":""},"class_list":["post-1277","page","type-page","status-publish","hentry","clearfix"],"_links":{"self":[{"href":"https:\/\/aeriscooperativa.it\/index.php\/wp-json\/wp\/v2\/pages\/1277","targetHints":{"allow":["GET"]}}],"collection":[{"href":"https:\/\/aeriscooperativa.it\/index.php\/wp-json\/wp\/v2\/pages"}],"about":[{"href":"https:\/\/aeriscooperativa.it\/index.php\/wp-json\/wp\/v2\/types\/page"}],"author":[{"embeddable":true,"href":"https:\/\/aeriscooperativa.it\/index.php\/wp-json\/wp\/v2\/users\/1"}],"replies":[{"embeddable":true,"href":"https:\/\/aeriscooperativa.it\/index.php\/wp-json\/wp\/v2\/comments?post=1277"}],"version-history":[{"count":60,"href":"https:\/\/aeriscooperativa.it\/index.php\/wp-json\/wp\/v2\/pages\/1277\/revisions"}],"predecessor-version":[{"id":1597,"href":"https:\/\/aeriscooperativa.it\/index.php\/wp-json\/wp\/v2\/pages\/1277\/revisions\/1597"}],"wp:attachment":[{"href":"https:\/\/aeriscooperativa.it\/index.php\/wp-json\/wp\/v2\/media?parent=1277"}],"curies":[{"name":"wp","href":"https:\/\/api.w.org\/{rel}","templated":true}]}}